{"id":94,"date":"2018-01-28T11:18:45","date_gmt":"2018-01-28T10:18:45","guid":{"rendered":"http:\/\/monvel.fr\/la.kaverne.du.koun\/?page_id=94"},"modified":"2018-11-12T19:52:32","modified_gmt":"2018-11-12T18:52:32","slug":"livre-audio-a-ecouter-sans-moderation","status":"publish","type":"page","link":"https:\/\/monvel.fr\/la.kaverne.du.koun\/livre-audio-a-ecouter-sans-moderation\/","title":{"rendered":"Livre audio, a \u00e9couter sans mod\u00e9ration !"},"content":{"rendered":"<p><b>page en construction, so keep calm and play ukul\u00e9l\u00e9 !<\/b><\/p>\n<p>Cette page regroupe l&rsquo;ensemble des livres audio publi\u00e9s. vous pouvez donc les \u00e9couter de fa\u00e7on chapitr\u00e9s a leur parution ou d&rsquo;un coup en passant par cette page.<br \/>\nle flux RSS sp\u00e9cifique a cette page, a rentrer dans vos lecteurs de podcast est le suivant : <a href=\"http:\/\/monvel.fr\/la.kaverne.du.koun\/feed\/podcast\/\">http:\/\/monvel.fr\/la.kaverne.du.koun\/feed\/podcast\/<\/a><\/p>\n<p><b><u><a href=\"https:\/\/page42.org\/projet-bradbury\/\">Neil Jomunsi :<\/a><\/u><\/b><\/p>\n<p><strong>Robbie<\/strong><\/p>\n<!--[if lt IE 9]><script>document.createElement('audio');<\/script><![endif]-->\n<audio class=\"wp-audio-shortcode\" id=\"audio-94-1\" preload=\"none\" style=\"width: 100%;\" controls=\"controls\"><source type=\"audio\/mpeg\" src=\"http:\/\/monvel.fr\/la.kaverne.du.koun\/wp-content\/uploads\/2017\/12\/robbie-final.mp3?_=1\" \/><a href=\"http:\/\/monvel.fr\/la.kaverne.du.koun\/wp-content\/uploads\/2017\/12\/robbie-final.mp3\">http:\/\/monvel.fr\/la.kaverne.du.koun\/wp-content\/uploads\/2017\/12\/robbie-final.mp3<\/a><\/audio>\n<p>&nbsp;<\/p>\n<p><strong>Amis<\/strong><\/p>\n<audio class=\"wp-audio-shortcode\" id=\"audio-94-2\" preload=\"none\" style=\"width: 100%;\" controls=\"controls\"><source type=\"audio\/mpeg\" src=\"http:\/\/monvel.fr\/la.kaverne.du.koun\/wp-content\/uploads\/2017\/12\/ami-v2.mp3?_=2\" \/><a href=\"http:\/\/monvel.fr\/la.kaverne.du.koun\/wp-content\/uploads\/2017\/12\/ami-v2.mp3\">http:\/\/monvel.fr\/la.kaverne.du.koun\/wp-content\/uploads\/2017\/12\/ami-v2.mp3<\/a><\/audio>\n<p>&nbsp;<\/p>\n<p><strong>Gouffre<\/strong><\/p>\n<audio class=\"wp-audio-shortcode\" id=\"audio-94-3\" preload=\"none\" style=\"width: 100%;\" controls=\"controls\"><source type=\"audio\/mpeg\" src=\"http:\/\/monvel.fr\/la.kaverne.du.koun\/wp-content\/uploads\/2017\/12\/gouffre-final.mp3?_=3\" \/><a href=\"http:\/\/monvel.fr\/la.kaverne.du.koun\/wp-content\/uploads\/2017\/12\/gouffre-final.mp3\">http:\/\/monvel.fr\/la.kaverne.du.koun\/wp-content\/uploads\/2017\/12\/gouffre-final.mp3<\/a><\/audio>\n<p>&nbsp;<\/p>\n<p><strong>Petit dieu<\/strong><\/p>\n<audio class=\"wp-audio-shortcode\" id=\"audio-94-4\" preload=\"none\" style=\"width: 100%;\" controls=\"controls\"><source type=\"audio\/mpeg\" src=\"http:\/\/monvel.fr\/la.kaverne.du.koun\/wp-content\/uploads\/2017\/12\/petit-dieu-final.mp3?_=4\" \/><a href=\"http:\/\/monvel.fr\/la.kaverne.du.koun\/wp-content\/uploads\/2017\/12\/petit-dieu-final.mp3\">http:\/\/monvel.fr\/la.kaverne.du.koun\/wp-content\/uploads\/2017\/12\/petit-dieu-final.mp3<\/a><\/audio>\n<p>&nbsp;<\/p>\n<p><strong>D\u00e9licate et fragile<\/strong><\/p>\n<audio class=\"wp-audio-shortcode\" id=\"audio-94-5\" preload=\"none\" style=\"width: 100%;\" controls=\"controls\"><source type=\"audio\/mpeg\" src=\"http:\/\/monvel.fr\/la.kaverne.du.koun\/wp-content\/uploads\/2017\/12\/delicate-et-fragile-final.mp3?_=5\" \/><a href=\"http:\/\/monvel.fr\/la.kaverne.du.koun\/wp-content\/uploads\/2017\/12\/delicate-et-fragile-final.mp3\">http:\/\/monvel.fr\/la.kaverne.du.koun\/wp-content\/uploads\/2017\/12\/delicate-et-fragile-final.mp3<\/a><\/audio>\n<p>&nbsp;<\/p>\n<p><strong>Parasite<\/strong><\/p>\n<audio class=\"wp-audio-shortcode\" id=\"audio-94-6\" preload=\"none\" style=\"width: 100%;\" controls=\"controls\"><source type=\"audio\/mpeg\" src=\"http:\/\/monvel.fr\/la.kaverne.du.koun\/wp-content\/uploads\/2018\/01\/parasite-finale.mp3?_=6\" \/><a href=\"http:\/\/monvel.fr\/la.kaverne.du.koun\/wp-content\/uploads\/2018\/01\/parasite-finale.mp3\">http:\/\/monvel.fr\/la.kaverne.du.koun\/wp-content\/uploads\/2018\/01\/parasite-finale.mp3<\/a><\/audio>\n<p>&nbsp;<\/p>\n<p><strong>Nouveau message<\/strong><\/p>\n<audio class=\"wp-audio-shortcode\" id=\"audio-94-7\" preload=\"none\" style=\"width: 100%;\" controls=\"controls\"><source type=\"audio\/mpeg\" src=\"http:\/\/monvel.fr\/la.kaverne.du.koun\/wp-content\/uploads\/2018\/02\/nouveau-message-neil-128kpbs.mp3?_=7\" \/><a href=\"http:\/\/monvel.fr\/la.kaverne.du.koun\/wp-content\/uploads\/2018\/02\/nouveau-message-neil-128kpbs.mp3\">http:\/\/monvel.fr\/la.kaverne.du.koun\/wp-content\/uploads\/2018\/02\/nouveau-message-neil-128kpbs.mp3<\/a><\/audio>\n<p>&nbsp;<\/p>\n<p><u><b><a href=\"https:\/\/grisebouille.net\/\">Gee :<\/a><\/b><\/u><\/p>\n<p><strong>Working class heroic fantasy.<\/strong><\/p>\n<p><strong>Chapitre 1<\/strong><\/p>\n<audio class=\"wp-audio-shortcode\" id=\"audio-94-8\" preload=\"none\" style=\"width: 100%;\" controls=\"controls\"><source type=\"audio\/mpeg\" src=\"http:\/\/monvel.fr\/la.kaverne.du.koun\/wp-content\/uploads\/2018\/03\/wchf-chap-1.mp3?_=8\" \/><a href=\"http:\/\/monvel.fr\/la.kaverne.du.koun\/wp-content\/uploads\/2018\/03\/wchf-chap-1.mp3\">http:\/\/monvel.fr\/la.kaverne.du.koun\/wp-content\/uploads\/2018\/03\/wchf-chap-1.mp3<\/a><\/audio>\n<p><strong>chapitre 2<\/strong><\/p>\n<audio class=\"wp-audio-shortcode\" id=\"audio-94-9\" preload=\"none\" style=\"width: 100%;\" controls=\"controls\"><source type=\"audio\/mpeg\" src=\"http:\/\/monvel.fr\/la.kaverne.du.koun\/wp-content\/uploads\/2018\/03\/wkhf-chap-2.mp3?_=9\" \/><a href=\"http:\/\/monvel.fr\/la.kaverne.du.koun\/wp-content\/uploads\/2018\/03\/wkhf-chap-2.mp3\">http:\/\/monvel.fr\/la.kaverne.du.koun\/wp-content\/uploads\/2018\/03\/wkhf-chap-2.mp3<\/a><\/audio>\n<p><strong>chapitre 3<\/strong><\/p>\n<audio class=\"wp-audio-shortcode\" id=\"audio-94-10\" preload=\"none\" style=\"width: 100%;\" controls=\"controls\"><source type=\"audio\/mpeg\" src=\"http:\/\/monvel.fr\/la.kaverne.du.koun\/wp-content\/uploads\/2018\/04\/wkhf-chap-3.mp3?_=10\" \/><a href=\"http:\/\/monvel.fr\/la.kaverne.du.koun\/wp-content\/uploads\/2018\/04\/wkhf-chap-3.mp3\">http:\/\/monvel.fr\/la.kaverne.du.koun\/wp-content\/uploads\/2018\/04\/wkhf-chap-3.mp3<\/a><\/audio>\n<p><strong>chapitre 4<\/strong><\/p>\n<audio class=\"wp-audio-shortcode\" id=\"audio-94-11\" preload=\"none\" style=\"width: 100%;\" controls=\"controls\"><source type=\"audio\/mpeg\" src=\"http:\/\/monvel.fr\/la.kaverne.du.koun\/wp-content\/uploads\/2018\/04\/wchf-chap-4-1.mp3?_=11\" \/><a href=\"http:\/\/monvel.fr\/la.kaverne.du.koun\/wp-content\/uploads\/2018\/04\/wchf-chap-4-1.mp3\">http:\/\/monvel.fr\/la.kaverne.du.koun\/wp-content\/uploads\/2018\/04\/wchf-chap-4-1.mp3<\/a><\/audio>\n<p><strong>chapitre 5<\/strong><\/p>\n<audio class=\"wp-audio-shortcode\" id=\"audio-94-12\" preload=\"none\" style=\"width: 100%;\" controls=\"controls\"><source type=\"audio\/mpeg\" src=\"http:\/\/monvel.fr\/la.kaverne.du.koun\/wp-content\/uploads\/2018\/04\/wchf-chap-5.mp3?_=12\" \/><a href=\"http:\/\/monvel.fr\/la.kaverne.du.koun\/wp-content\/uploads\/2018\/04\/wchf-chap-5.mp3\">http:\/\/monvel.fr\/la.kaverne.du.koun\/wp-content\/uploads\/2018\/04\/wchf-chap-5.mp3<\/a><\/audio>\n<p><strong>chapitre 6<\/strong><\/p>\n<audio class=\"wp-audio-shortcode\" id=\"audio-94-13\" preload=\"none\" style=\"width: 100%;\" controls=\"controls\"><source type=\"audio\/mpeg\" src=\"http:\/\/monvel.fr\/la.kaverne.du.koun\/wp-content\/uploads\/2018\/05\/wchf-chap-6.mp3?_=13\" \/><a href=\"http:\/\/monvel.fr\/la.kaverne.du.koun\/wp-content\/uploads\/2018\/05\/wchf-chap-6.mp3\">http:\/\/monvel.fr\/la.kaverne.du.koun\/wp-content\/uploads\/2018\/05\/wchf-chap-6.mp3<\/a><\/audio>\n<p><strong>chapitre 7<\/strong><\/p>\n<audio class=\"wp-audio-shortcode\" id=\"audio-94-14\" preload=\"none\" style=\"width: 100%;\" controls=\"controls\"><source type=\"audio\/mpeg\" src=\"http:\/\/monvel.fr\/la.kaverne.du.koun\/wp-content\/uploads\/2018\/05\/wchf-chap-7.mp3?_=14\" \/><a href=\"http:\/\/monvel.fr\/la.kaverne.du.koun\/wp-content\/uploads\/2018\/05\/wchf-chap-7.mp3\">http:\/\/monvel.fr\/la.kaverne.du.koun\/wp-content\/uploads\/2018\/05\/wchf-chap-7.mp3<\/a><\/audio>\n<p><strong>chapitre 8<\/strong><\/p>\n<audio class=\"wp-audio-shortcode\" id=\"audio-94-15\" preload=\"none\" style=\"width: 100%;\" controls=\"controls\"><source type=\"audio\/mpeg\" src=\"http:\/\/monvel.fr\/la.kaverne.du.koun\/wp-content\/uploads\/2018\/06\/wchf-chap-8.mp3?_=15\" \/><a href=\"http:\/\/monvel.fr\/la.kaverne.du.koun\/wp-content\/uploads\/2018\/06\/wchf-chap-8.mp3\">http:\/\/monvel.fr\/la.kaverne.du.koun\/wp-content\/uploads\/2018\/06\/wchf-chap-8.mp3<\/a><\/audio>\n<p><strong>chapitre 9<\/strong><\/p>\n<audio class=\"wp-audio-shortcode\" id=\"audio-94-16\" preload=\"none\" style=\"width: 100%;\" controls=\"controls\"><source type=\"audio\/mpeg\" src=\"http:\/\/monvel.fr\/la.kaverne.du.koun\/wp-content\/uploads\/2018\/06\/wchf-chap-9-1.mp3?_=16\" \/><a href=\"http:\/\/monvel.fr\/la.kaverne.du.koun\/wp-content\/uploads\/2018\/06\/wchf-chap-9-1.mp3\">http:\/\/monvel.fr\/la.kaverne.du.koun\/wp-content\/uploads\/2018\/06\/wchf-chap-9-1.mp3<\/a><\/audio>\n<p><strong>chapitre 10<\/strong><\/p>\n<audio class=\"wp-audio-shortcode\" id=\"audio-94-17\" preload=\"none\" style=\"width: 100%;\" controls=\"controls\"><source type=\"audio\/mpeg\" src=\"http:\/\/monvel.fr\/la.kaverne.du.koun\/wp-content\/uploads\/2018\/06\/wchf-chap-10.mp3?_=17\" \/><a href=\"http:\/\/monvel.fr\/la.kaverne.du.koun\/wp-content\/uploads\/2018\/06\/wchf-chap-10.mp3\">http:\/\/monvel.fr\/la.kaverne.du.koun\/wp-content\/uploads\/2018\/06\/wchf-chap-10.mp3<\/a><\/audio>\n<p><strong>chapitre 11<\/strong><\/p>\n<audio class=\"wp-audio-shortcode\" id=\"audio-94-18\" preload=\"none\" style=\"width: 100%;\" controls=\"controls\"><source type=\"audio\/mpeg\" src=\"http:\/\/monvel.fr\/la.kaverne.du.koun\/wp-content\/uploads\/2018\/07\/wchf-chap-11.mp3?_=18\" \/><a href=\"http:\/\/monvel.fr\/la.kaverne.du.koun\/wp-content\/uploads\/2018\/07\/wchf-chap-11.mp3\">http:\/\/monvel.fr\/la.kaverne.du.koun\/wp-content\/uploads\/2018\/07\/wchf-chap-11.mp3<\/a><\/audio>\n<p><strong>chapitre 12<\/strong><\/p>\n<audio class=\"wp-audio-shortcode\" id=\"audio-94-19\" preload=\"none\" style=\"width: 100%;\" controls=\"controls\"><source type=\"audio\/mpeg\" src=\"http:\/\/monvel.fr\/la.kaverne.du.koun\/wp-content\/uploads\/2018\/08\/wchf-chap-12.mp3?_=19\" \/><a href=\"http:\/\/monvel.fr\/la.kaverne.du.koun\/wp-content\/uploads\/2018\/08\/wchf-chap-12.mp3\">http:\/\/monvel.fr\/la.kaverne.du.koun\/wp-content\/uploads\/2018\/08\/wchf-chap-12.mp3<\/a><\/audio>\n<p><strong>chapitre 13<\/strong><\/p>\n<audio class=\"wp-audio-shortcode\" id=\"audio-94-20\" preload=\"none\" style=\"width: 100%;\" controls=\"controls\"><source type=\"audio\/mpeg\" src=\"http:\/\/monvel.fr\/la.kaverne.du.koun\/wp-content\/uploads\/2018\/08\/wchf-chap-13.mp3?_=20\" \/><a href=\"http:\/\/monvel.fr\/la.kaverne.du.koun\/wp-content\/uploads\/2018\/08\/wchf-chap-13.mp3\">http:\/\/monvel.fr\/la.kaverne.du.koun\/wp-content\/uploads\/2018\/08\/wchf-chap-13.mp3<\/a><\/audio>\n<p><strong>chapitre 14<\/strong><\/p>\n<audio class=\"wp-audio-shortcode\" id=\"audio-94-21\" preload=\"none\" style=\"width: 100%;\" controls=\"controls\"><source type=\"audio\/mpeg\" src=\"http:\/\/monvel.fr\/la.kaverne.du.koun\/wp-content\/uploads\/2018\/09\/wchf-chap-14.mp3?_=21\" \/><a href=\"http:\/\/monvel.fr\/la.kaverne.du.koun\/wp-content\/uploads\/2018\/09\/wchf-chap-14.mp3\">http:\/\/monvel.fr\/la.kaverne.du.koun\/wp-content\/uploads\/2018\/09\/wchf-chap-14.mp3<\/a><\/audio>\n<p><strong>chapitre 15<\/strong><\/p>\n<audio class=\"wp-audio-shortcode\" id=\"audio-94-22\" preload=\"none\" style=\"width: 100%;\" controls=\"controls\"><source type=\"audio\/mpeg\" src=\"http:\/\/monvel.fr\/la.kaverne.du.koun\/wp-content\/uploads\/2018\/10\/wchf-chap-15.mp3?_=22\" \/><a href=\"http:\/\/monvel.fr\/la.kaverne.du.koun\/wp-content\/uploads\/2018\/10\/wchf-chap-15.mp3\">http:\/\/monvel.fr\/la.kaverne.du.koun\/wp-content\/uploads\/2018\/10\/wchf-chap-15.mp3<\/a><\/audio>\n<p><strong>chapitre 16<\/strong><\/p>\n<audio class=\"wp-audio-shortcode\" id=\"audio-94-23\" preload=\"none\" style=\"width: 100%;\" controls=\"controls\"><source type=\"audio\/mpeg\" src=\"http:\/\/monvel.fr\/la.kaverne.du.koun\/wp-content\/uploads\/2018\/10\/wchf-chap-16.mp3?_=23\" \/><a href=\"http:\/\/monvel.fr\/la.kaverne.du.koun\/wp-content\/uploads\/2018\/10\/wchf-chap-16.mp3\">http:\/\/monvel.fr\/la.kaverne.du.koun\/wp-content\/uploads\/2018\/10\/wchf-chap-16.mp3<\/a><\/audio>\n<p><strong>chapitre 17<\/strong><\/p>\n<audio class=\"wp-audio-shortcode\" id=\"audio-94-24\" preload=\"none\" style=\"width: 100%;\" controls=\"controls\"><source type=\"audio\/mpeg\" src=\"http:\/\/monvel.fr\/la.kaverne.du.koun\/wp-content\/uploads\/2018\/11\/wchf-chap-17.mp3?_=24\" \/><a href=\"http:\/\/monvel.fr\/la.kaverne.du.koun\/wp-content\/uploads\/2018\/11\/wchf-chap-17.mp3\">http:\/\/monvel.fr\/la.kaverne.du.koun\/wp-content\/uploads\/2018\/11\/wchf-chap-17.mp3<\/a><\/audio>\n<p><strong>chapitre 18<\/strong><\/p>\n<audio class=\"wp-audio-shortcode\" id=\"audio-94-25\" preload=\"none\" style=\"width: 100%;\" controls=\"controls\"><source type=\"audio\/mpeg\" src=\"http:\/\/monvel.fr\/la.kaverne.du.koun\/wp-content\/uploads\/2018\/11\/wchf-chap18.mp3?_=25\" \/><a href=\"http:\/\/monvel.fr\/la.kaverne.du.koun\/wp-content\/uploads\/2018\/11\/wchf-chap18.mp3\">http:\/\/monvel.fr\/la.kaverne.du.koun\/wp-content\/uploads\/2018\/11\/wchf-chap18.mp3<\/a><\/audio>\n<p>&nbsp;<\/p>\n<p>&nbsp;<\/p>\n","protected":false},"excerpt":{"rendered":"<p>page en construction, so keep calm and play ukul\u00e9l\u00e9 ! Cette page regroupe l&rsquo;ensemble des livres audio publi\u00e9s. vous pouvez donc les \u00e9couter de fa\u00e7on chapitr\u00e9s a leur parution ou d&rsquo;un coup en passant par cette page. le flux RSS &hellip; <a href=\"https:\/\/monvel.fr\/la.kaverne.du.koun\/livre-audio-a-ecouter-sans-moderation\/\">Continuer la lecture <span class=\"meta-nav\">&rarr;<\/span><\/a><\/p>\n","protected":false},"author":1,"featured_media":0,"parent":0,"menu_order":0,"comment_status":"closed","ping_status":"closed","template":"","meta":{"footnotes":""},"aioseo_notices":[],"_links":{"self":[{"href":"https:\/\/monvel.fr\/la.kaverne.du.koun\/wp-json\/wp\/v2\/pages\/94"}],"collection":[{"href":"https:\/\/monvel.fr\/la.kaverne.du.koun\/wp-json\/wp\/v2\/pages"}],"about":[{"href":"https:\/\/monvel.fr\/la.kaverne.du.koun\/wp-json\/wp\/v2\/types\/page"}],"author":[{"embeddable":true,"href":"https:\/\/monvel.fr\/la.kaverne.du.koun\/wp-json\/wp\/v2\/users\/1"}],"replies":[{"embeddable":true,"href":"https:\/\/monvel.fr\/la.kaverne.du.koun\/wp-json\/wp\/v2\/comments?post=94"}],"version-history":[{"count":17,"href":"https:\/\/monvel.fr\/la.kaverne.du.koun\/wp-json\/wp\/v2\/pages\/94\/revisions"}],"predecessor-version":[{"id":385,"href":"https:\/\/monvel.fr\/la.kaverne.du.koun\/wp-json\/wp\/v2\/pages\/94\/revisions\/385"}],"wp:attachment":[{"href":"https:\/\/monvel.fr\/la.kaverne.du.koun\/wp-json\/wp\/v2\/media?parent=94"}],"curies":[{"name":"wp","href":"https:\/\/api.w.org\/{rel}","templated":true}]}}