{"id":413,"date":"2019-01-19T16:56:59","date_gmt":"2019-01-19T15:56:59","guid":{"rendered":"http:\/\/monvel.fr\/la.kaverne.du.koun\/?page_id=413"},"modified":"2019-01-19T17:37:41","modified_gmt":"2019-01-19T16:37:41","slug":"politique-de-confidentialite-en-carton-merci-rgpdman-2","status":"publish","type":"page","link":"https:\/\/monvel.fr\/la.kaverne.du.koun\/politique-de-confidentialite-en-carton-merci-rgpdman-2\/","title":{"rendered":"Politique de confidentialit\u00e9 en carton. Merci RGPDMAN !"},"content":{"rendered":"\n<h2 class=\"wp-block-heading\">Puisque qu&rsquo;il faut en passer par la, je vous colle le truc inutile de la RGPD qui p\u00e8te les rouleaux, de tout le monde, en ce moment, mais en \u00e9dition augment\u00e9e par ma gueule.<\/h2>\n\n\n\n<h2 class=\"wp-block-heading\">Bon, d\u00e9j\u00e0, tout \u00e7a, c&rsquo;est tr\u00e8s bien et si \u00e7a peut faire prendre conscience a certain que la vie priv\u00e9, c&rsquo;est primordial alors \u00e7a vaut le spam intensif auquel on est tous soumis en ce moment et qui inonde nos boite mail. mais qui vaut le plus, ne vaut pas forcement le mieux et \u00e7a finit en spam de base que personne ne lit.<\/h2>\n\n\n\n<h2 class=\"wp-block-heading\">Perso, je pense que la meilleure politique de confidentialit\u00e9, c&rsquo;est vous et votre bon sens car r\u00e9fl\u00e9chir a ce qu&rsquo;on met sur internet, pourquoi on le met et pour qui, est la base d&rsquo;une utilisation saine d\u2019internet. Car ce formidable espace de libert\u00e9 qu&rsquo;est internet n&rsquo;est qu&rsquo;un outil, il faut juste s&rsquo;en servir de fa\u00e7on r\u00e9fl\u00e9chi et en accord avec ce que l&rsquo;on pense de la gestion de sa vie priv\u00e9e. Est ce que je dis ou pense, poste sur internet pourrait \u00eatre <strong>r\u00e9p\u00e9t\u00e9<\/strong>, affich\u00e9 tel quel dans la vrai vie de tous les jours ? pas vraiment ? j&rsquo;aurais vraiment l&rsquo;air d&rsquo;un glandu ? alors gardez le pour vous ou pour le repas dominical chez tata jacqueline ou vous allez encore vous mettre une peign\u00e9e avec le cousin robert. mais au moins, \u00e7a \u00e9vitera de parler, une fois de plus, de la mort de johnny ! ( je sais, me dites pas merci, c&rsquo;est cadeau ! )<\/h2>\n\n\n\n<h2 class=\"wp-block-heading\">et bien sur, votre vie priv\u00e9e vous dira merci.<\/h2>\n\n\n\n<h2 class=\"wp-block-heading\">Merci de votre attention.<\/h2>\n\n\n\n<h2 class=\"wp-block-heading\">C\u2019\u00e9tait un message du comit\u00e9 des ours mal l\u00e9ch\u00e9 asocial, donneur de le\u00e7on a deux balles.<\/h2>\n\n\n\n<h2 class=\"wp-block-heading\">si tu like cette page, je te proute !<\/h2>\n\n\n\n<p><strong>Tu peux lire la suite mais franchement, t&rsquo;as s\u00fbrement mieux a faire de ta vie, hein ? <em>les commentaires en gras et italique sont de moi. tant qu&rsquo;a lire un truc chiant autant essayer que \u00e7a soit dr\u00f4le. ou pa<\/em>s.<br><\/strong><\/p>\n\n\n\n<p>L\u2019adresse de notre site Web est\u00a0: http:\/\/monvel.fr\/la.kaverne.du.koun. <strong><em>et franchement sur la t\u00e8te de Johnny, c&rsquo;est the place to be, de tout l&rsquo;internet mondial de l&rsquo;univers.<\/em><br><\/strong><\/p>\n\n\n\n<h2 class=\"wp-block-heading\">Qui sommes-nous&nbsp;?<\/h2>\n\n\n\n<h2 class=\"wp-block-heading\">Utilisation des donn\u00e9es personnelles collect\u00e9es<\/h2>\n\n\n\n<h3 class=\"wp-block-heading\">Commentaires<\/h3>\n\n\n\n<p>Quand vous laissez un commentaire sur notre site web,<strong><em> \u00e7a pompe les donn\u00e9es suivantes dont je me contrefout car je poste pour la beaut\u00e9 du geste, sans m\u00eame une pub pour enlarger votre&#8230; enfin, m&rsquo;voyez, quoi&#8230; donc RGPDman me dit que<\/em><\/strong> les donn\u00e9es inscrites dans le formulaire de commentaire<strong>, <em>r\u00e9dig\u00e9 amoureusement en pensant a des choses ol\u00e9 ol\u00e9, gr\u00e2ce a vos petit doigt boudin\u00e9s<\/em><\/strong> mais aussi votre adresse IP <strong><em>ainsi que le dernier emplacement de camping sur lequel vous avez encore oubli\u00e9 une chi\u00e9e de sardine en d\u00e9montant la tente. mais encore<\/em><\/strong> l\u2019agent utilisateur de votre navigateur,<strong> <em>sans oublier la date de la perte de votre premi\u00e8re quenotte, votre num\u00e9ro de s\u00e9cu a l&rsquo;envers et dont chaque chiffre est multipli\u00e9 par la racine carr\u00e9 de la soustraction du nombre d&rsquo;or<\/em> <\/strong>sont collect\u00e9s pour nous aider \u00e0 la d\u00e9tection des commentaires ind\u00e9sirables.<strong> <em>non, en effet, je ne veux pas enlarge mon&#8230; enfin m&rsquo;voyez quoi !<\/em><\/strong><\/p>\n\n\n\n<p><em>Une cha\u00eene anonymis\u00e9e cr\u00e9\u00e9e \u00e0 partir de votre adresse de messagerie\u00a0<strong> sauf celle en k\u00e9k\u00e938125@skyblog.fr qui ne m\u00e9rite m\u00eame pas de figurer dans cette cha\u00eene anonymis\u00e9e ( oui, je sais, vous \u00e9tiez jeune, mais j&rsquo;aurais tout de m\u00eame un peu honte, quand m\u00eame )<\/strong><\/em> (\u00e9galement appel\u00e9e hash <strong><em>qui fait \u00e9quipe avec tango&#8230; tango et hash&#8230; r\u00f4\u00f4\u00f4, allez, blague de quarantenaire, schwarzy, kurt russell, non ? bon tant pis.)<\/em><\/strong> peut \u00eatre envoy\u00e9e au service Gravatar pour v\u00e9rifier si vous utilisez ce dernier. <strong><em>et si c&rsquo;est pas le cas, c&rsquo;est envoy\u00e9 quand m\u00eame et il est possible qu&rsquo;il ne garde pas le tout mais que des fois, ils oublient de rendre, sacr\u00e9 t\u00eate en l&rsquo;air, va..<\/em><\/strong><em>.<\/em>Les clauses de confidentialit\u00e9 du service Gravatar sont disponibles ici\u00a0: https:\/\/automattic.com\/privacy\/. <strong><em>\u00e9crit en klingon m\u00e9ridional pour une meilleur compr\u00e9hension, bien sur<\/em><\/strong> Apr\u00e8s validation de votre commentaire, <strong><em>avec un litre de votre sang asperg\u00e9 sur votre touche enter, et renvoie d&rsquo;un \u00e9chantillon d&rsquo;ADN<\/em>,<\/strong> votre photo de profil sera visible publiquement \u00e0 cot\u00e9 de votre commentaire. <strong><em>et franchement, c&rsquo;est pas celle qui vous met le plus en valeur, vous en \u00eates conscient, j\u2019esp\u00e8re ?<\/em><\/strong><\/p>\n\n\n\n<h3 class=\"wp-block-heading\">M\u00e9dias<\/h3>\n\n\n\n<p><em><strong>Si vous \u00eates un utilisateur ou une utilisatrice enregistr\u00e9\u00b7e et que vous t\u00e9l\u00e9versez des images sur le site web, bin, je fais comme facebook et ces copains: c&rsquo;est a moi ! bin, oui, pourquoi lui qui l&rsquo;a droit et pas moi ? moi aussi je veux garder les photos de vos dernier repas avec la vue sur vos pieds dans la piscine. ma vie n&rsquo;aspire qu&rsquo;a \u00e7a ! <\/strong><\/em>nous vous conseillons d\u2019\u00e9viter de t\u00e9l\u00e9verser des images<strong> <em>inutile, inint\u00e9ressante, compl\u00e8tement et d\u00e9finitivement chiante, d\u00e9j\u00e0 vu des milliard de fois,<\/em><\/strong> contenant des donn\u00e9es EXIF de coordonn\u00e9es GPS. <strong><em>qui permet de te rappeler qu&rsquo;il y a un macdo a seulement 300 m de chez toi, veinard ! et que si t&rsquo;y vas de suite, la, maintenant, bin qu&rsquo;est ce que tu attend, t&rsquo;auras la grande frite pour le prix de petite ! non ?!? siiii ! cours forest, cours !!!<\/em><\/strong><em> <\/em>Les visiteurs de votre site web peuvent t\u00e9l\u00e9charger et extraire des donn\u00e9es de localisation depuis ces images. <strong><em>rh\u00f4\u00f4\u00f4 les petits b\u00e2tards ! tu leur donne \u00e7a et il te choure tes donn\u00e9es de localisation, d\u00e9s que tu tourne le dos pour liker que cynthia, s&rsquo;est fait lourd\u00e9 des ch&rsquo;ti a henin beaumont parce que non, mais allo, tu fais pas de course d&rsquo;orientation en talon aiguille dans les anciennes mine de charbon ??<\/em><\/strong><\/p>\n\n\n\n<h3 class=\"wp-block-heading\">Formulaires de contact<\/h3>\n\n\n\n<p><strong><em>Cookies \u00e7a commence comme \u00e7a et \u00e7a fini avec des histoires de pilule bleu ou rouge, d\u2019\u00e9lu pour lib\u00e9rer les humains de la matrice ( t&rsquo;es sur que c&rsquo;est pas des space-cookies quelle t&rsquo;as refourgu\u00e9 l&rsquo;ancienne ? ), de formation express de yoga avec tir a balle r\u00e9elle&#8230; toujours faire gaffe a la gentille mamy qui offre des cookie ! toujours !!!<\/em><\/strong><\/p>\n\n\n\n<p><strong><em>Si vous d\u00e9posez un commentaire sur notre site, h\u00e9 ho, tout doux, bijou, c&rsquo;est le mien, dit donc !<\/em><\/strong> il vous sera propos\u00e9 d\u2019enregistrer votre nom, adresse de messagerie et site web dans des cookies.<strong><em> gr\u00e2ce, bien sur, aux fameuses p\u00e2te alphabet de notre enfance qui seront ensuite broy\u00e9 et retransform\u00e9 en farine pour les fameux cookie <\/em><\/strong>C\u2019est uniquement pour votre confort <strong><em>ais confiaaannncccee<\/em><\/strong><em> <\/em>afin de ne pas avoir \u00e0 saisir ces informations si vous d\u00e9posez un autre commentaire plus tard. <strong><em>faut dire, que vous \u00eates vraiment des feignasses, non mais vraiment<\/em><\/strong><em> ! <\/em>Ces cookies expirent au bout d\u2019un an <strong><em>ou pas, enfin pas sur, a moins que par le plus grand des hasards, il tombe dans une faille spatio-temporelle qui le condamne a errer a tous jamais, dans les limbes d&rsquo;internet en compagnie du chat qui joue du piano et du nyan cat.<\/em><\/strong><\/p>\n\n\n\n<p>Si vous avez un compte et que vous vous connectez sur ce site, un cookie temporaire sera cr\u00e9\u00e9 <strong><em>c&rsquo;est comme \u00e7a qu&rsquo;on commence la drogue, l\u2019\u00e9chantillon gratuit&#8230;.<\/em><\/strong><em> <\/em>afin de d\u00e9terminer si votre navigateur accepte les cookies. <strong><em>normalement oui, sauf si tu utilise toujours internet explorer mais bon, la, on peut plus rien pour toi&#8230;<\/em><\/strong> Il ne contient pas de donn\u00e9es personnelles et sera supprim\u00e9 automatiquement \u00e0 la fermeture de votre navigateur.<strong><em> enfin, les vrais navigateurs&#8230; comme \u00e7a, au hasard, firefox, moi je dis \u00e7a, je dis rien&#8230; pis, voir m\u00eame que tu peux rajouter \u00b5block origin pour nettoyer tout le caca publicitaire qui fait sentir tr\u00e8s mauvais beaucoup de site tr\u00e8s connu.<\/em><\/strong><\/p>\n\n\n\n<p>Lorsque vous vous connecterez, nous mettrons en place un certain nombre de cookies, <strong><em>une vrai p\u00e2tisserie que \u00e7a va devenir ton ordinateur<\/em><\/strong> pour enregistrer vos informations de connexion et vos pr\u00e9f\u00e9rences d\u2019\u00e9cran. <strong><em>tout, tout, tout, vous serez tout sur les cookies, les petits, les gros&#8230;<\/em><\/strong> La dur\u00e9e de vie d\u2019un cookie de connexion est de deux jours, celle d\u2019un cookie d\u2019option d\u2019\u00e9cran est d\u2019un an. Si vous cochez \u00ab\u00a0Se souvenir de moi\u00a0\u00bb <strong><em>je vous garde une petite place dans mon c\u0153ur<\/em><\/strong>, votre cookie de connexion sera conserv\u00e9 pendant deux semaines. <strong><em>dans quel \u00e9tat, vous le retrouverez, \u00e7a..<\/em>.<\/strong> Si vous vous d\u00e9connectez de votre compte, le cookie de connexion sera effac\u00e9. <strong><em>et je vous cause plus, non mais.<\/em><\/strong><\/p>\n\n\n\n<p>En modifiant ou en publiant un article, <strong><em>vous, vous exposez a des commentaires sympa ou un trollage en r\u00e8gle, mais c&rsquo;est la vie&#8230;<\/em><\/strong> un cookie suppl\u00e9mentaire sera enregistr\u00e9 dans votre navigateur. Ce cookie ne comprend aucune donn\u00e9e personnelle. <strong><em>mais seulement parce que facebook sait d\u00e9j\u00e0 tout de vous,<\/em><\/strong> Il indique simplement l\u2019identifiant de l\u2019article que vous venez de modifier. Il expire au bout d\u2019un jour.<\/p>\n\n\n\n<h3 class=\"wp-block-heading\">Contenu embarqu\u00e9 depuis d\u2019autres sites<\/h3>\n\n\n\n<p>Les articles de ce site peuvent inclure des contenus int\u00e9gr\u00e9s (par exemple des vid\u00e9os, images, articles\u2026). <strong><em>le mieux \u00e9tant d&rsquo;utiliser des licences libres ou alors de demander la permission a son auteur-trice et tout du moins de le citer, merci pour lui ou elle<\/em><\/strong> Le contenu int\u00e9gr\u00e9 depuis d\u2019autres sites se comporte de la m\u00eame mani\u00e8re que si le visiteur se rendait sur cet autre site. <strong><em>une grande sp\u00e9cialit\u00e9 de facebook et consort&#8230;<\/em><\/strong><\/p>\n\n\n\n<p><em>Ces sites web pourraient collecter des donn\u00e9es sur vous, <\/em><strong><em>wooo, si peu&#8230;<\/em><\/strong><em> <\/em><strong><em>des fois que se soit leur fond de commerce&#8230;<\/em><\/strong><em> u<\/em>tiliser des cookies, embarquer des outils de suivis tiers, suivre vos interactions avec ces contenus embarqu\u00e9s si vous disposez d\u2019un compte connect\u00e9 sur leur site web. <strong><em>d\u2019o\u00f9 l\u2019int\u00e9r\u00eat d&rsquo;installer \u00b5block, ghostery ou toute extension bloquant ce genre de saloperie, le tout, permettant de rester propre sous les bras et avec un semblant de vie priv\u00e9<\/em><\/strong><\/p>\n\n\n\n<h3 class=\"wp-block-heading\">Statistiques et mesures d\u2019audience<\/h3>\n\n\n\n<h2 class=\"wp-block-heading\">Utilisation et transmission de vos donn\u00e9es personnelles<\/h2>\n\n\n\n<h2 class=\"wp-block-heading\">Dur\u00e9es de stockage de vos donn\u00e9es<\/h2>\n\n\n\n<p><strong><em>Si vous laissez un commentaire, le commentaire et ses m\u00e9tadonn\u00e9es sont conserv\u00e9s ind\u00e9finiment. et des fois, il vaudrait mieux qu&rsquo;il s\u2019autod\u00e9truise juste apr\u00e8s publication, voir pendant la r\u00e9daction, du dit commentaire, faut r\u00e9fl\u00e9chir avant d\u2019\u00e9crire, hein ?<\/em> <\/strong>Cela permet de reconna\u00eetre et approuver automatiquement les commentaires suivants au lieu de les laisser dans la file de mod\u00e9ration. <strong><em>mais je veille au grain, j&rsquo;ai le doigt sur le bouton supprimer<\/em><\/strong><\/p>\n\n\n\n<p>Pour les utilisateurs et utilisatrices qui s\u2019enregistrent sur notre site (si cela est possible), <strong><em>le mieux \u00e9tant le flux RSS pour \u00eatre inform\u00e9, de quoi que je cause sans vous enregistrer et me filer indirectement des donn\u00e9es dont je me contrefout<\/em><\/strong><em>\u00a0<\/em> nous stockons \u00e9galement les donn\u00e9es personnelles indiqu\u00e9es dans leur profil. <strong><em>c&rsquo;est pas moi, c&rsquo;est eux !<\/em><\/strong><em> <\/em>Tous les utilisateurs et utilisatrices peuvent voir, modifier ou supprimer leurs informations personnelles \u00e0 tout moment (\u00e0 l\u2019exception de leur nom d\u2019utilisateur\u00b7ice) <strong><em>dommage pour<\/em><\/strong><em> <\/em><strong><em>k\u00e9k\u00e938125<\/em><\/strong>. Les gestionnaires du site peuvent aussi voir et modifier ces informations. <strong><em>le premier qui me p\u00e8te les rouleaux, je le renomme en licornemagique57258, tremble, internaute, tremble !<\/em><\/strong><\/p>\n\n\n\n<h2 class=\"wp-block-heading\">Les droits que vous avez sur vos donn\u00e9es<\/h2>\n\n\n\n<p>Si vous avez un compte ou si vous avez laiss\u00e9 des commentaires sur le site, vous pouvez demander \u00e0 recevoir un fichier contenant toutes les donn\u00e9es personnelles que nous poss\u00e9dons \u00e0 votre sujet, <strong><em>\u00e7a va pas \u00eatre une priorit\u00e9e, je pr\u00e9f\u00e8re vous le dire, j&rsquo;ai autre chose a foutre, pis si t&rsquo;insiste, je m&rsquo;en vais te les fournir au format post it, fa\u00e7on puzzle mais calligraphi\u00e9 de ma plus belle \u00e9criture oscillant entre la patte de mouche de docteur proche de la retraite et le chameau sous ecstasy<\/em><\/strong><em> <\/em>incluant celles que vous nous avez fournies. Vous pouvez \u00e9galement demander la suppression des donn\u00e9es personnelles vous concernant. Cela ne prend pas en compte les donn\u00e9es stock\u00e9es \u00e0 des fins administratives, l\u00e9gales ou pour des raisons de s\u00e9curit\u00e9.<strong> <em>le client est roi mais reviendra pas.<\/em><\/strong><\/p>\n\n\n\n<h2 class=\"wp-block-heading\">Transmission de vos donn\u00e9es personnelles<\/h2>\n\n\n\n<p>Les commentaires des visiteurs peuvent \u00eatre v\u00e9rifi\u00e9s \u00e0 l\u2019aide d\u2019un service automatis\u00e9 de d\u00e9tection des commentaires ind\u00e9sirables. <strong><em>\u00e7a, c&rsquo;est la moindre des choses si je veux pas que les commentaires commencent a parler russe, gabonnais ou le spam occidentale<\/em><\/strong><\/p>\n\n\n\n<h2 class=\"wp-block-heading\">Informations de contact<\/h2>\n\n\n\n<p><strong><em>patrice@monvel.fr<\/em><\/strong><\/p>\n\n\n\n<h2 class=\"wp-block-heading\">Informations suppl\u00e9mentaires<\/h2>\n\n\n\n<p><strong><em>je fais 1.70 m, les bras lev\u00e9 mais 1.90 m avec mes plateformeboots a paillette<\/em><\/strong><\/p>\n\n\n\n<h3 class=\"wp-block-heading\">Comment nous prot\u00e9geons vos donn\u00e9es<\/h3>\n\n\n\n<p><strong><em>avec la c\u00e9l\u00e8bre formule : ta gueule, c&rsquo;est magique !<\/em><\/strong><\/p>\n\n\n\n<h3 class=\"wp-block-heading\">Proc\u00e9dures mises en \u0153uvre en cas de fuite de donn\u00e9es<\/h3>\n\n\n\n<p><strong><em>je me roule en boule et suce mon pouce pendant 6 h minimum, puis d\u00e9branche et rebranche ma box en pensant tr\u00e8s fort a la formule magique pr\u00e9c\u00e9dente<\/em><\/strong><\/p>\n\n\n\n<h3 class=\"wp-block-heading\">Les services tiers qui nous transmettent des donn\u00e9es<\/h3>\n\n\n\n<p><strong><em>a part, matomo, logiciel open source de statistique, pour avoir justement quelques statistiques que je ne regarde finalement jamais, je vois rien d&rsquo;autres. normalement le google anilityc est out<\/em><\/strong><\/p>\n\n\n\n<h3 class=\"wp-block-heading\">Op\u00e9rations de marketing automatis\u00e9 et\/ou de profilage r\u00e9alis\u00e9es \u00e0 l\u2019aide des donn\u00e9es personnelles<\/h3>\n\n\n\n<p><strong><em>aucune et s\u00fbrement jamais. vendre ces fesses, faire ch&#8230; ces potentiels lecteurs avec des pubs de merde dont tout le monde se fout, pour gagner une poign\u00e9e de figue, on fera sans. puis faut \u00eatre un minimum coh\u00e9rent. quand j&rsquo;insulte tr\u00e8s fort mon ordinateur quand une fucking vid\u00e9o d\u00e9marre sans mon avis sur un \u00ab\u00a0grand site d&rsquo;info \u00a0\u00bb connu, des envies de bastonnade en place public me titille les neurones, je vais donc pas vous infliger \u00e7a, je devrais m&rsquo;autobastonner, et j&rsquo;aime pas \u00e7a, \u00e7a laisse des bleus.<\/em><\/strong><\/p>\n\n\n\n<h3 class=\"wp-block-heading\">Affichage des informations li\u00e9es aux secteurs soumis \u00e0 des r\u00e9gulations sp\u00e9cifiques<\/h3>\n\n\n\n<p><strong><em>je comprend m\u00eame pas la question, next !<\/em><\/strong><\/p>\n\n\n\n<p><strong><em>ha ba, non, c&rsquo;est fini. merci de votre attention !<\/em><\/strong><\/p>\n\n\n\n<p><strong><em>c\u2019\u00e9tait vraiment tr\u00e8s int\u00e9ressant !<\/em><\/strong><\/p>\n","protected":false},"excerpt":{"rendered":"<p>Puisque qu&rsquo;il faut en passer par la, je vous colle le truc inutile de la RGPD qui p\u00e8te les rouleaux, de tout le monde, en ce moment, mais en \u00e9dition augment\u00e9e par ma gueule. Bon, d\u00e9j\u00e0, tout \u00e7a, c&rsquo;est tr\u00e8s &hellip; <a href=\"https:\/\/monvel.fr\/la.kaverne.du.koun\/politique-de-confidentialite-en-carton-merci-rgpdman-2\/\">Continuer la lecture <span class=\"meta-nav\">&rarr;<\/span><\/a><\/p>\n","protected":false},"author":1,"featured_media":0,"parent":0,"menu_order":0,"comment_status":"closed","ping_status":"closed","template":"","meta":{"footnotes":""},"aioseo_notices":[],"_links":{"self":[{"href":"https:\/\/monvel.fr\/la.kaverne.du.koun\/wp-json\/wp\/v2\/pages\/413"}],"collection":[{"href":"https:\/\/monvel.fr\/la.kaverne.du.koun\/wp-json\/wp\/v2\/pages"}],"about":[{"href":"https:\/\/monvel.fr\/la.kaverne.du.koun\/wp-json\/wp\/v2\/types\/page"}],"author":[{"embeddable":true,"href":"https:\/\/monvel.fr\/la.kaverne.du.koun\/wp-json\/wp\/v2\/users\/1"}],"replies":[{"embeddable":true,"href":"https:\/\/monvel.fr\/la.kaverne.du.koun\/wp-json\/wp\/v2\/comments?post=413"}],"version-history":[{"count":8,"href":"https:\/\/monvel.fr\/la.kaverne.du.koun\/wp-json\/wp\/v2\/pages\/413\/revisions"}],"predecessor-version":[{"id":426,"href":"https:\/\/monvel.fr\/la.kaverne.du.koun\/wp-json\/wp\/v2\/pages\/413\/revisions\/426"}],"wp:attachment":[{"href":"https:\/\/monvel.fr\/la.kaverne.du.koun\/wp-json\/wp\/v2\/media?parent=413"}],"curies":[{"name":"wp","href":"https:\/\/api.w.org\/{rel}","templated":true}]}}