{"id":120,"date":"2018-01-28T12:07:19","date_gmt":"2018-01-28T11:07:19","guid":{"rendered":"http:\/\/monvel.fr\/la.kaverne.du.koun\/?page_id=120"},"modified":"2019-03-24T18:09:07","modified_gmt":"2019-03-24T17:09:07","slug":"podcsat-a-ecouter","status":"publish","type":"page","link":"https:\/\/monvel.fr\/la.kaverne.du.koun\/podcsat-a-ecouter\/","title":{"rendered":"Podcast a \u00e9couter !"},"content":{"rendered":"<p>C&rsquo;est ici que vous trouverez tous les liens vers les podcast que j&rsquo;ecoute et que je conseille sur le blog par cat\u00e9gories.<\/p>\n<h1 class=\"entry-title\">Les podcasts qui font r\u00e9fl\u00e9chir les boyaux de la t\u00eate !<\/h1>\n<p>La bas si j&rsquo;y suis : <a href=\"https:\/\/la-bas.org\/\">https:\/\/la-bas.org\/<\/a><\/p>\n<p>Le monde diplomatique : <a href=\"https:\/\/www.monde-diplomatique.fr\">https:\/\/www.monde-diplomatique.fr<\/a><\/p>\n<p class=\"entry-title\"><span style=\"color: #000000;\">Community manager: <a href=\"https:\/\/lepostegeneral.fr\/onair\/listen\/id\/1296\/program\/43\">https:\/\/lepostegeneral.fr\/onair\/listen\/id\/1296\/program\/43<\/a><\/span><\/p>\n<h1 class=\"entry-title\">Les podcasts qui font marrer !<\/h1>\n<p>L\u2019ap\u00e9ro du captain : <a href=\"http:\/\/www.captainweb.net\/\">http:\/\/www.captainweb.net\/<\/a><\/p>\n<p>\u00c7a va trancher ! : <a href=\"http:\/\/www.badgeek.fr\/medias\/c\/7\/ca-va-trancher\/\">http:\/\/www.badgeek.fr\/medias\/c\/7\/ca-va-trancher\/<\/a><\/p>\n<p>Riviera d\u00e9tente :<a href=\"http:\/\/www.rivieraferraille.com\/riviera-detente\/\"> https:\/\/www.monde-diplomatique.fr<\/a><\/p>\n<p>La fucking kermesse : <a href=\"https:\/\/fuckingkermesse.wordpress.com\/\">https:\/\/fuckingkermesse.wordpress.com\/<\/a><\/p>\n<p>Le podgast: <a href=\"http:\/\/podgast.lepodcast.fr\/\">http:\/\/podgast.lepodcast.fr\/<\/a><\/p>\n<p>R\u00e9f n\u00e9cessaire: <a href=\"https:\/\/soundcloud.com\/refnecessaire\">https:\/\/soundcloud.com\/refnecessaire<\/a><\/p>\n<p>Spoiler arri\u00e8re : <a href=\"https:\/\/soundcloud.com\/spoilerarriere\">https:\/\/soundcloud.com\/spoilerarriere<\/a><\/p>\n<p>100VDB par minute: <a href=\"https:\/\/www.deezer.com\/fr\/show\/59208\">https:\/\/www.deezer.com\/fr\/show\/59208<\/a><\/p>\n<p>Retro 2050: <a href=\"https:\/\/www.deezer.com\/fr\/show\/52742\">https:\/\/www.deezer.com\/fr\/show\/52742<\/a><\/p>\n<p>A bient\u00f4t de te revoir : <a href=\"https:\/\/www.binge.audio\/category\/a-bientot-de-te-revoir\/\">https:\/\/www.binge.audio\/category\/a-bientot-de-te-revoir\/<\/a><\/p>\n<h1 class=\"entry-title\">Les podcasts jeux vid\u00e9o !<\/h1>\n<p>ZQSD : <a href=\"http:\/\/zqsd.fr\/\">http:\/\/zqsd.fr\/<\/a><\/p>\n<h1 class=\"entry-title\">Les podcast histoire !<\/h1>\n<p>Tu parle d&rsquo;une histoire : <a href=\"http:\/\/www.nova.fr\/radionova\/podcast-tu-parles-d-une-histoire\">http:\/\/www.nova.fr\/radionova\/podcast-tu-parles-d-une-histoire<\/a><\/p>\n<p>R\u00e9f n\u00e9cessaire : <a href=\"http:\/\/www.rivieraferraille.com\/ref-necessaire\/\">http:\/\/www.rivieraferraille.com\/ref-necessaire\/<\/a><\/p>\n<p>Culture 2000: <a href=\"http:\/\/culture-2000.lepodcast.fr\/\">http:\/\/culture-2000.lepodcast.fr\/<\/a><\/p>\n<h1 class=\"entry-title\">Les podcasts g\u00e9n\u00e9ralistes !<\/h1>\n<p>C&rsquo;est cool ! C&rsquo;est quoi ? : <a href=\"http:\/\/www.radiokawa.com\/le-vrac\/cest-cool-cest-quoi\/?no_redirect\">http:\/\/www.radiokawa.com\/le-vrac\/cest-cool-cest-quoi\/?no_redirect<\/a><\/p>\n<p>Upcast : <a href=\"http:\/\/upcast.fr\/\">http:\/\/upcast.fr\/<\/a><\/p>\n<p>56kast : <a href=\"http:\/\/www.liberation.fr\/ecrans-le-podcast,100308\">http:\/\/www.liberation.fr\/ecrans-le-podcast,100308<\/a><\/p>\n<p>L&rsquo;agence tous geek : <a href=\"http:\/\/www.agencetousgeeks.com\/\">http:\/\/www.agencetousgeeks.com\/<\/a><\/p>\n<p>Le quadratour : <a href=\"http:\/\/quadratour.net\/\">http:\/\/quadratour.net\/<\/a><\/p>\n<p>Dans le canap&rsquo; : <a href=\"https:\/\/www.geekzone.fr\/tag\/dans-le-canap\/\">https:\/\/www.geekzone.fr\/tag\/dans-le-canap\/<\/a><\/p>\n<p>Dream on : <a href=\"http:\/\/dreamoncast.unblog.fr\/\">http:\/\/dreamoncast.unblog.fr\/<\/a><\/p>\n<p>Entre : <a href=\"https:\/\/louiemedia.com\/entre\">https:\/\/louiemedia.com\/entre<\/a><\/p>\n<p>Interception : <a href=\"https:\/\/www.franceinter.fr\/emissions\/interception\">https:\/\/www.franceinter.fr\/emissions\/interception<\/a><\/p>\n<p>L&#8217;emifion :<a href=\"https:\/\/www.franceinter.fr\/emissions\/interception\"> \u00a0http:\/\/www.madmoizelle.com\/rubriques\/podcasts\/emifion<\/a><\/p>\n<p>La poudre : <a href=\"http:\/\/www.nouvellesecoutes.fr\/la-poudre\">http:\/\/www.nouvellesecoutes.fr\/la-poudre<\/a><\/p>\n<p>Le dernier cyber avant la fin du monde : <a href=\"https:\/\/podcloud.fr\/podcast\/le-dernier-cyber-avant-la-fin-du-monde\">https:\/\/podcloud.fr\/podcast\/le-dernier-cyber-avant-la-fin-du-monde<\/a><\/p>\n<p>Nanarland, le podcast des films rat\u00e9 mais tellement dr\u00f4le : <a href=\"http:\/\/www.rivieraferraille.com\/nanarland\/\">http:\/\/www.rivieraferraille.com\/nanarland\/<\/a><\/p>\n<p class=\"entry-title\">Que sont t\u2019ils devenus ? : <a href=\"https:\/\/www.arteradio.com\/serie\/que_sont_ils_devenus\">https:\/\/www.arteradio.com\/serie\/que_sont_ils_devenus<\/a><\/p>\n<p>A d\u00e9rouler : <a href=\"https:\/\/www.binge.audio\/category\/a-derouler\/\">https:\/\/www.binge.audio\/category\/a-derouler\/<\/a><\/p>\n<p class=\"entry-title\">Brise glace : <a href=\"https:\/\/www.letemps.ch\/podcast\/briseglace\">https:\/\/www.letemps.ch\/podcast\/briseglace<\/a><\/p>\n<p class=\"entry-title\">Anouk perry podcast: <a href=\"http:\/\/anoukperry.com\/\">http:\/\/anoukperry.com\/<\/a><\/p>\n<h1 class=\"entry-title\"><strong>Les podcast technologie !<\/strong><\/h1>\n<p>Club internet : <a href=\"https:\/\/www.numerama.com\/tag\/club-internet\/\">https:\/\/www.numerama.com\/tag\/club-internet\/<\/a><\/p>\n<p>Decryptualit\u00e9 : <a href=\"https:\/\/www.april.org\/taxonomy\/term\/1908\/all\/feed\">https:\/\/www.april.org\/taxonomy\/term\/1908\/all\/feed<\/a><\/p>\n<h1><strong>Les podcasts musique !<\/strong><\/h1>\n<p>Guitare obsession : <a href=\"https:\/\/obsededeguitare.blogspot.fr\/\">https:\/\/obsededeguitare.blogspot.fr\/<\/a><\/p>\n<h1><strong>Les podcasts jeu de soci\u00e9t\u00e9 !<\/strong><\/h1>\n<p>La radio des jeux : <a href=\"http:\/\/laradiodesjeux.org\/\">http:\/\/laradiodesjeux.org\/<\/a><\/p>\n","protected":false},"excerpt":{"rendered":"<p>C&rsquo;est ici que vous trouverez tous les liens vers les podcast que j&rsquo;ecoute et que je conseille sur le blog par cat\u00e9gories. Les podcasts qui font r\u00e9fl\u00e9chir les boyaux de la t\u00eate ! La bas si j&rsquo;y suis : https:\/\/la-bas.org\/ &hellip; <a href=\"https:\/\/monvel.fr\/la.kaverne.du.koun\/podcsat-a-ecouter\/\">Continuer la lecture <span class=\"meta-nav\">&rarr;<\/span><\/a><\/p>\n","protected":false},"author":1,"featured_media":0,"parent":0,"menu_order":0,"comment_status":"closed","ping_status":"closed","template":"","meta":{"footnotes":""},"aioseo_notices":[],"_links":{"self":[{"href":"https:\/\/monvel.fr\/la.kaverne.du.koun\/wp-json\/wp\/v2\/pages\/120"}],"collection":[{"href":"https:\/\/monvel.fr\/la.kaverne.du.koun\/wp-json\/wp\/v2\/pages"}],"about":[{"href":"https:\/\/monvel.fr\/la.kaverne.du.koun\/wp-json\/wp\/v2\/types\/page"}],"author":[{"embeddable":true,"href":"https:\/\/monvel.fr\/la.kaverne.du.koun\/wp-json\/wp\/v2\/users\/1"}],"replies":[{"embeddable":true,"href":"https:\/\/monvel.fr\/la.kaverne.du.koun\/wp-json\/wp\/v2\/comments?post=120"}],"version-history":[{"count":17,"href":"https:\/\/monvel.fr\/la.kaverne.du.koun\/wp-json\/wp\/v2\/pages\/120\/revisions"}],"predecessor-version":[{"id":449,"href":"https:\/\/monvel.fr\/la.kaverne.du.koun\/wp-json\/wp\/v2\/pages\/120\/revisions\/449"}],"wp:attachment":[{"href":"https:\/\/monvel.fr\/la.kaverne.du.koun\/wp-json\/wp\/v2\/media?parent=120"}],"curies":[{"name":"wp","href":"https:\/\/api.w.org\/{rel}","templated":true}]}}